{"id":11426,"date":"2020-04-15T13:34:10","date_gmt":"2020-04-15T13:34:10","guid":{"rendered":"http:\/\/www.colocolofs.es\/web\/?page_id=11426"},"modified":"2026-02-11T08:38:45","modified_gmt":"2026-02-11T08:38:45","slug":"la-granja","status":"publish","type":"page","link":"https:\/\/www.colocolofs.es\/web\/la-granja\/","title":{"rendered":"C.D.M. LA GRANJA"},"content":{"rendered":"<p>[vc_row][vc_column][vc_column_text]El C.D.M. La Granja es &#8216;la casa&#8217; del Colo. En esta instalaci\u00f3n municipal disputan sus partidos como local los equipos del Entrerr\u00edos Automatizaci\u00f3n que compiten en Segunda Divisi\u00f3n Masculina, Segunda Divisi\u00f3n Femenina y Segunda Divisi\u00f3n &#8216;B&#8217;, as\u00ed como algunos de las categor\u00eda base.<\/p>\n<p>El pabell\u00f3n cuenta con nueve vestuarios (tres de ellos para \u00e1rbitros) y una capacidad en su grader\u00eda de 426 personas. Tambi\u00e9n hay dos pistas de f\u00fatbol sala exteriores de cemento, y una de c\u00e9sped.[\/vc_column_text][\/vc_column][\/vc_row][vc_row][vc_column][vc_single_image image=\u00bb24943&#8243; img_size=\u00bbfull\u00bb][\/vc_column][\/vc_row][vc_row][vc_column][vc_single_image image=\u00bb24944&#8243; img_size=\u00bbfull\u00bb][\/vc_column][\/vc_row][vc_row][vc_column][vc_single_image image=\u00bb24945&#8243; img_size=\u00bbfull\u00bb alignment=\u00bbcenter\u00bb][\/vc_column][\/vc_row]<\/p>\n","protected":false},"excerpt":{"rendered":"<p>[vc_row][vc_column][vc_column_text]El C.D.M. La Granja es &#8216;la casa&#8217; del Colo. En esta instalaci\u00f3n municipal disputan sus partidos como local los equipos del Entrerr\u00edos Automatizaci\u00f3n que compiten en Segunda Divisi\u00f3n Masculina, Segunda Divisi\u00f3n Femenina y Segunda Divisi\u00f3n &#8216;B&#8217;, as\u00ed como algunos de las categor\u00eda base. El pabell\u00f3n cuenta con nueve vestuarios (tres de ellos para \u00e1rbitros) y [&hellip;]<\/p>\n","protected":false},"author":1,"featured_media":0,"parent":0,"menu_order":0,"comment_status":"closed","ping_status":"closed","template":"","meta":{"footnotes":""},"class_list":["post-11426","page","type-page","status-publish","hentry"],"yoast_head":"<!-- This site is optimized with the Yoast SEO plugin v14.4.1 - https:\/\/yoast.com\/wordpress\/plugins\/seo\/ -->\n<title>C.D.M. LA GRANJA - Entrerr\u00edos Automatizaci\u00f3n<\/title>\n<meta name=\"robots\" content=\"index, follow\" \/>\n<meta name=\"googlebot\" content=\"index, follow, max-snippet:-1, max-image-preview:large, max-video-preview:-1\" \/>\n<meta name=\"bingbot\" content=\"index, follow, max-snippet:-1, max-image-preview:large, max-video-preview:-1\" \/>\n<link rel=\"canonical\" href=\"https:\/\/www.colocolofs.es\/web\/la-granja\/\" \/>\n<meta property=\"og:locale\" content=\"es_ES\" \/>\n<meta property=\"og:type\" content=\"article\" \/>\n<meta property=\"og:title\" content=\"C.D.M. LA GRANJA - Entrerr\u00edos Automatizaci\u00f3n\" \/>\n<meta property=\"og:description\" content=\"[vc_row][vc_column][vc_column_text]El C.D.M. La Granja es &#8216;la casa&#8217; del Colo. En esta instalaci\u00f3n municipal disputan sus partidos como local los equipos del Entrerr\u00edos Automatizaci\u00f3n que compiten en Segunda Divisi\u00f3n Masculina, Segunda Divisi\u00f3n Femenina y Segunda Divisi\u00f3n &#8216;B&#8217;, as\u00ed como algunos de las categor\u00eda base. El pabell\u00f3n cuenta con nueve vestuarios (tres de ellos para \u00e1rbitros) y [&hellip;]\" \/>\n<meta property=\"og:url\" content=\"https:\/\/www.colocolofs.es\/web\/la-granja\/\" \/>\n<meta property=\"og:site_name\" content=\"Entrerr\u00edos Automatizaci\u00f3n\" \/>\n<meta property=\"article:modified_time\" content=\"2026-02-11T08:38:45+00:00\" \/>\n<meta name=\"twitter:card\" content=\"summary_large_image\" \/>\n<script type=\"application\/ld+json\" class=\"yoast-schema-graph\">{\"@context\":\"https:\/\/schema.org\",\"@graph\":[{\"@type\":\"WebSite\",\"@id\":\"https:\/\/www.colocolofs.es\/web\/#website\",\"url\":\"https:\/\/www.colocolofs.es\/web\/\",\"name\":\"Entrerr\\u00edos Automatizaci\\u00f3n\",\"description\":\"Web oficial\",\"potentialAction\":[{\"@type\":\"SearchAction\",\"target\":\"https:\/\/www.colocolofs.es\/web\/?s={search_term_string}\",\"query-input\":\"required name=search_term_string\"}],\"inLanguage\":\"es\"},{\"@type\":\"WebPage\",\"@id\":\"https:\/\/www.colocolofs.es\/web\/la-granja\/#webpage\",\"url\":\"https:\/\/www.colocolofs.es\/web\/la-granja\/\",\"name\":\"C.D.M. LA GRANJA - Entrerr\\u00edos Automatizaci\\u00f3n\",\"isPartOf\":{\"@id\":\"https:\/\/www.colocolofs.es\/web\/#website\"},\"datePublished\":\"2020-04-15T13:34:10+00:00\",\"dateModified\":\"2026-02-11T08:38:45+00:00\",\"inLanguage\":\"es\",\"potentialAction\":[{\"@type\":\"ReadAction\",\"target\":[\"https:\/\/www.colocolofs.es\/web\/la-granja\/\"]}]}]}<\/script>\n<!-- \/ Yoast SEO plugin. -->","_links":{"self":[{"href":"https:\/\/www.colocolofs.es\/web\/wp-json\/wp\/v2\/pages\/11426","targetHints":{"allow":["GET"]}}],"collection":[{"href":"https:\/\/www.colocolofs.es\/web\/wp-json\/wp\/v2\/pages"}],"about":[{"href":"https:\/\/www.colocolofs.es\/web\/wp-json\/wp\/v2\/types\/page"}],"author":[{"embeddable":true,"href":"https:\/\/www.colocolofs.es\/web\/wp-json\/wp\/v2\/users\/1"}],"replies":[{"embeddable":true,"href":"https:\/\/www.colocolofs.es\/web\/wp-json\/wp\/v2\/comments?post=11426"}],"version-history":[{"count":19,"href":"https:\/\/www.colocolofs.es\/web\/wp-json\/wp\/v2\/pages\/11426\/revisions"}],"predecessor-version":[{"id":24946,"href":"https:\/\/www.colocolofs.es\/web\/wp-json\/wp\/v2\/pages\/11426\/revisions\/24946"}],"wp:attachment":[{"href":"https:\/\/www.colocolofs.es\/web\/wp-json\/wp\/v2\/media?parent=11426"}],"curies":[{"name":"wp","href":"https:\/\/api.w.org\/{rel}","templated":true}]}}