{"id":19932,"date":"2023-07-23T11:27:27","date_gmt":"2023-07-23T11:27:27","guid":{"rendered":"http:\/\/www.colocolofs.es\/web\/?page_id=19932"},"modified":"2026-02-28T09:49:58","modified_gmt":"2026-02-28T09:49:58","slug":"juvenil-1a-autonomica-2","status":"publish","type":"page","link":"https:\/\/www.colocolofs.es\/web\/juvenil-1a-autonomica-2\/","title":{"rendered":"JUVENIL 1\u00aa AUTON\u00d3MICA"},"content":{"rendered":"<p>[vc_row][vc_column][vc_text_separator title=\u00bbPLANTILLA\u00bb color=\u00bbblue\u00bb border_width=\u00bb3&#8243;][\/vc_column][\/vc_row][vc_row][vc_column][vc_column_text]1 &#8211; Alejandro Galindo Ar\u00e9valo<\/p>\n<p>1 &#8211; Mart\u00edn Tropel Vel\u00e1zquez<\/p>\n<p>7 &#8211; Daniel Aznar Aznar<\/p>\n<p>8 &#8211; Gonzalo Lauroba P\u00e9rez de Heredia<\/p>\n<p>9 &#8211; Marcos Roda Laborda<\/p>\n<p>10 &#8211; Pablo Ortega Pola<\/p>\n<p>11 &#8211; Javier Ballesteros Cubero<\/p>\n<p>12 &#8211; Miguel Garc\u00eda P\u00e9rez<\/p>\n<p>14 &#8211; Mateo Luengo Torres<\/p>\n<p>17 &#8211; \u00c1lvaro Sanz Arraco<\/p>\n<p>18 &#8211; Daniel Lahuerta Navas<\/p>\n<p>21 &#8211; Marcos Auria Llera<\/p>\n<p>Entrenador: Alejandro Pamplona Sastr\u00f3n<\/p>\n<p>Ayudantes: David India Torres e Iv\u00e1n P\u00e9rez Anad\u00f3n[\/vc_column_text][\/vc_column][\/vc_row]<\/p>\n","protected":false},"excerpt":{"rendered":"<p>[vc_row][vc_column][vc_text_separator title=\u00bbPLANTILLA\u00bb color=\u00bbblue\u00bb border_width=\u00bb3&#8243;][\/vc_column][\/vc_row][vc_row][vc_column][vc_column_text]1 &#8211; Alejandro Galindo Ar\u00e9valo 1 &#8211; Mart\u00edn Tropel Vel\u00e1zquez 7 &#8211; Daniel Aznar Aznar 8 &#8211; Gonzalo Lauroba P\u00e9rez de Heredia 9 &#8211; Marcos Roda Laborda 10 &#8211; Pablo Ortega Pola 11 &#8211; Javier Ballesteros Cubero 12 &#8211; Miguel Garc\u00eda P\u00e9rez 14 &#8211; Mateo Luengo Torres 17 &#8211; \u00c1lvaro Sanz Arraco [&hellip;]<\/p>\n","protected":false},"author":1,"featured_media":0,"parent":0,"menu_order":0,"comment_status":"closed","ping_status":"closed","template":"","meta":{"footnotes":""},"class_list":["post-19932","page","type-page","status-publish","hentry"],"yoast_head":"<!-- This site is optimized with the Yoast SEO plugin v14.4.1 - https:\/\/yoast.com\/wordpress\/plugins\/seo\/ -->\n<title>JUVENIL 1\u00aa AUTON\u00d3MICA - Entrerr\u00edos Automatizaci\u00f3n<\/title>\n<meta name=\"robots\" content=\"index, follow\" \/>\n<meta name=\"googlebot\" content=\"index, follow, max-snippet:-1, max-image-preview:large, max-video-preview:-1\" \/>\n<meta name=\"bingbot\" content=\"index, follow, max-snippet:-1, max-image-preview:large, max-video-preview:-1\" \/>\n<link rel=\"canonical\" href=\"https:\/\/www.colocolofs.es\/web\/juvenil-1a-autonomica-2\/\" \/>\n<meta property=\"og:locale\" content=\"es_ES\" \/>\n<meta property=\"og:type\" content=\"article\" \/>\n<meta property=\"og:title\" content=\"JUVENIL 1\u00aa AUTON\u00d3MICA - Entrerr\u00edos Automatizaci\u00f3n\" \/>\n<meta property=\"og:description\" content=\"[vc_row][vc_column][vc_text_separator title=\u00bbPLANTILLA\u00bb color=\u00bbblue\u00bb border_width=\u00bb3&#8243;][\/vc_column][\/vc_row][vc_row][vc_column][vc_column_text]1 &#8211; Alejandro Galindo Ar\u00e9valo 1 &#8211; Mart\u00edn Tropel Vel\u00e1zquez 7 &#8211; Daniel Aznar Aznar 8 &#8211; Gonzalo Lauroba P\u00e9rez de Heredia 9 &#8211; Marcos Roda Laborda 10 &#8211; Pablo Ortega Pola 11 &#8211; Javier Ballesteros Cubero 12 &#8211; Miguel Garc\u00eda P\u00e9rez 14 &#8211; Mateo Luengo Torres 17 &#8211; \u00c1lvaro Sanz Arraco [&hellip;]\" \/>\n<meta property=\"og:url\" content=\"https:\/\/www.colocolofs.es\/web\/juvenil-1a-autonomica-2\/\" \/>\n<meta property=\"og:site_name\" content=\"Entrerr\u00edos Automatizaci\u00f3n\" \/>\n<meta property=\"article:modified_time\" content=\"2026-02-28T09:49:58+00:00\" \/>\n<meta name=\"twitter:card\" content=\"summary_large_image\" \/>\n<script type=\"application\/ld+json\" class=\"yoast-schema-graph\">{\"@context\":\"https:\/\/schema.org\",\"@graph\":[{\"@type\":\"WebSite\",\"@id\":\"https:\/\/www.colocolofs.es\/web\/#website\",\"url\":\"https:\/\/www.colocolofs.es\/web\/\",\"name\":\"Entrerr\\u00edos Automatizaci\\u00f3n\",\"description\":\"Web oficial\",\"potentialAction\":[{\"@type\":\"SearchAction\",\"target\":\"https:\/\/www.colocolofs.es\/web\/?s={search_term_string}\",\"query-input\":\"required name=search_term_string\"}],\"inLanguage\":\"es\"},{\"@type\":\"WebPage\",\"@id\":\"https:\/\/www.colocolofs.es\/web\/juvenil-1a-autonomica-2\/#webpage\",\"url\":\"https:\/\/www.colocolofs.es\/web\/juvenil-1a-autonomica-2\/\",\"name\":\"JUVENIL 1\\u00aa AUTON\\u00d3MICA - Entrerr\\u00edos Automatizaci\\u00f3n\",\"isPartOf\":{\"@id\":\"https:\/\/www.colocolofs.es\/web\/#website\"},\"datePublished\":\"2023-07-23T11:27:27+00:00\",\"dateModified\":\"2026-02-28T09:49:58+00:00\",\"inLanguage\":\"es\",\"potentialAction\":[{\"@type\":\"ReadAction\",\"target\":[\"https:\/\/www.colocolofs.es\/web\/juvenil-1a-autonomica-2\/\"]}]}]}<\/script>\n<!-- \/ Yoast SEO plugin. -->","_links":{"self":[{"href":"https:\/\/www.colocolofs.es\/web\/wp-json\/wp\/v2\/pages\/19932","targetHints":{"allow":["GET"]}}],"collection":[{"href":"https:\/\/www.colocolofs.es\/web\/wp-json\/wp\/v2\/pages"}],"about":[{"href":"https:\/\/www.colocolofs.es\/web\/wp-json\/wp\/v2\/types\/page"}],"author":[{"embeddable":true,"href":"https:\/\/www.colocolofs.es\/web\/wp-json\/wp\/v2\/users\/1"}],"replies":[{"embeddable":true,"href":"https:\/\/www.colocolofs.es\/web\/wp-json\/wp\/v2\/comments?post=19932"}],"version-history":[{"count":13,"href":"https:\/\/www.colocolofs.es\/web\/wp-json\/wp\/v2\/pages\/19932\/revisions"}],"predecessor-version":[{"id":25070,"href":"https:\/\/www.colocolofs.es\/web\/wp-json\/wp\/v2\/pages\/19932\/revisions\/25070"}],"wp:attachment":[{"href":"https:\/\/www.colocolofs.es\/web\/wp-json\/wp\/v2\/media?parent=19932"}],"curies":[{"name":"wp","href":"https:\/\/api.w.org\/{rel}","templated":true}]}}