{"id":19935,"date":"2023-07-23T11:27:46","date_gmt":"2023-07-23T11:27:46","guid":{"rendered":"http:\/\/www.colocolofs.es\/web\/?page_id=19935"},"modified":"2025-10-26T00:32:01","modified_gmt":"2025-10-26T00:32:01","slug":"cadete-xxi-b","status":"publish","type":"page","link":"https:\/\/www.colocolofs.es\/web\/cadete-xxi-b\/","title":{"rendered":"CADETE XXI &#8216;B&#8217;"},"content":{"rendered":"<p>[vc_row][vc_column][vc_text_separator title=\u00bbPLANTILLA\u00bb color=\u00bbblue\u00bb border_width=\u00bb3&#8243;][\/vc_column][\/vc_row][vc_row][vc_column][vc_column_text]1 &#8211; Dar\u00edo Herrero Gracia<\/p>\n<p>3 &#8211; Pablo Tapia Aso<\/p>\n<p>4 &#8211; Ra\u00fal Reula Lopes Da Silva<\/p>\n<p>5 &#8211; Alejandro Guiseris Barber\u00e1n<\/p>\n<p>6 &#8211; Rafael Rodr\u00edguez Ruiz<\/p>\n<p>7 &#8211; Diego Latorre L\u00f3pez<\/p>\n<p>8 &#8211; Nicol\u00e1s Vallesp\u00edn catal\u00e1n<\/p>\n<p>10 &#8211; Nicol\u00e1s Maga\u00f1a Mart\u00edn<\/p>\n<p>11 &#8211; Gonzalo Garcia-Marquina Bosque<\/p>\n<p>13 &#8211; Dar\u00edo Mart\u00ednez Dacosta<\/p>\n<p>17 &#8211; Jes\u00fas Gim\u00e9nez C\u00e1diz<\/p>\n<p>22 &#8211; C\u00e9sar Soro Arnas<\/p>\n<p>33 &#8211; Javier Alonso Rescalvo<\/p>\n<p>Entrenador: Jos\u00e9 Manuel Exp\u00f3sito[\/vc_column_text][\/vc_column][\/vc_row]<\/p>\n","protected":false},"excerpt":{"rendered":"<p>[vc_row][vc_column][vc_text_separator title=\u00bbPLANTILLA\u00bb color=\u00bbblue\u00bb border_width=\u00bb3&#8243;][\/vc_column][\/vc_row][vc_row][vc_column][vc_column_text]1 &#8211; Dar\u00edo Herrero Gracia 3 &#8211; Pablo Tapia Aso 4 &#8211; Ra\u00fal Reula Lopes Da Silva 5 &#8211; Alejandro Guiseris Barber\u00e1n 6 &#8211; Rafael Rodr\u00edguez Ruiz 7 &#8211; Diego Latorre L\u00f3pez 8 &#8211; Nicol\u00e1s Vallesp\u00edn catal\u00e1n 10 &#8211; Nicol\u00e1s Maga\u00f1a Mart\u00edn 11 &#8211; Gonzalo Garcia-Marquina Bosque 13 &#8211; Dar\u00edo Mart\u00ednez Dacosta [&hellip;]<\/p>\n","protected":false},"author":1,"featured_media":0,"parent":0,"menu_order":0,"comment_status":"closed","ping_status":"closed","template":"","meta":{"footnotes":""},"class_list":["post-19935","page","type-page","status-publish","hentry"],"yoast_head":"<!-- This site is optimized with the Yoast SEO plugin v14.4.1 - https:\/\/yoast.com\/wordpress\/plugins\/seo\/ -->\n<title>CADETE XXI &#039;B&#039; - Entrerr\u00edos Automatizaci\u00f3n<\/title>\n<meta name=\"robots\" content=\"index, follow\" \/>\n<meta name=\"googlebot\" content=\"index, follow, max-snippet:-1, max-image-preview:large, max-video-preview:-1\" \/>\n<meta name=\"bingbot\" content=\"index, follow, max-snippet:-1, max-image-preview:large, max-video-preview:-1\" \/>\n<link rel=\"canonical\" href=\"https:\/\/www.colocolofs.es\/web\/cadete-xxi-b\/\" \/>\n<meta property=\"og:locale\" content=\"es_ES\" \/>\n<meta property=\"og:type\" content=\"article\" \/>\n<meta property=\"og:title\" content=\"CADETE XXI &#039;B&#039; - Entrerr\u00edos Automatizaci\u00f3n\" \/>\n<meta property=\"og:description\" content=\"[vc_row][vc_column][vc_text_separator title=\u00bbPLANTILLA\u00bb color=\u00bbblue\u00bb border_width=\u00bb3&#8243;][\/vc_column][\/vc_row][vc_row][vc_column][vc_column_text]1 &#8211; Dar\u00edo Herrero Gracia 3 &#8211; Pablo Tapia Aso 4 &#8211; Ra\u00fal Reula Lopes Da Silva 5 &#8211; Alejandro Guiseris Barber\u00e1n 6 &#8211; Rafael Rodr\u00edguez Ruiz 7 &#8211; Diego Latorre L\u00f3pez 8 &#8211; Nicol\u00e1s Vallesp\u00edn catal\u00e1n 10 &#8211; Nicol\u00e1s Maga\u00f1a Mart\u00edn 11 &#8211; Gonzalo Garcia-Marquina Bosque 13 &#8211; Dar\u00edo Mart\u00ednez Dacosta [&hellip;]\" \/>\n<meta property=\"og:url\" content=\"https:\/\/www.colocolofs.es\/web\/cadete-xxi-b\/\" \/>\n<meta property=\"og:site_name\" content=\"Entrerr\u00edos Automatizaci\u00f3n\" \/>\n<meta property=\"article:modified_time\" content=\"2025-10-26T00:32:01+00:00\" \/>\n<meta name=\"twitter:card\" content=\"summary_large_image\" \/>\n<script type=\"application\/ld+json\" class=\"yoast-schema-graph\">{\"@context\":\"https:\/\/schema.org\",\"@graph\":[{\"@type\":\"WebSite\",\"@id\":\"https:\/\/www.colocolofs.es\/web\/#website\",\"url\":\"https:\/\/www.colocolofs.es\/web\/\",\"name\":\"Entrerr\\u00edos Automatizaci\\u00f3n\",\"description\":\"Web oficial\",\"potentialAction\":[{\"@type\":\"SearchAction\",\"target\":\"https:\/\/www.colocolofs.es\/web\/?s={search_term_string}\",\"query-input\":\"required name=search_term_string\"}],\"inLanguage\":\"es\"},{\"@type\":\"WebPage\",\"@id\":\"https:\/\/www.colocolofs.es\/web\/cadete-xxi-b\/#webpage\",\"url\":\"https:\/\/www.colocolofs.es\/web\/cadete-xxi-b\/\",\"name\":\"CADETE XXI 'B' - Entrerr\\u00edos Automatizaci\\u00f3n\",\"isPartOf\":{\"@id\":\"https:\/\/www.colocolofs.es\/web\/#website\"},\"datePublished\":\"2023-07-23T11:27:46+00:00\",\"dateModified\":\"2025-10-26T00:32:01+00:00\",\"inLanguage\":\"es\",\"potentialAction\":[{\"@type\":\"ReadAction\",\"target\":[\"https:\/\/www.colocolofs.es\/web\/cadete-xxi-b\/\"]}]}]}<\/script>\n<!-- \/ Yoast SEO plugin. -->","_links":{"self":[{"href":"https:\/\/www.colocolofs.es\/web\/wp-json\/wp\/v2\/pages\/19935","targetHints":{"allow":["GET"]}}],"collection":[{"href":"https:\/\/www.colocolofs.es\/web\/wp-json\/wp\/v2\/pages"}],"about":[{"href":"https:\/\/www.colocolofs.es\/web\/wp-json\/wp\/v2\/types\/page"}],"author":[{"embeddable":true,"href":"https:\/\/www.colocolofs.es\/web\/wp-json\/wp\/v2\/users\/1"}],"replies":[{"embeddable":true,"href":"https:\/\/www.colocolofs.es\/web\/wp-json\/wp\/v2\/comments?post=19935"}],"version-history":[{"count":11,"href":"https:\/\/www.colocolofs.es\/web\/wp-json\/wp\/v2\/pages\/19935\/revisions"}],"predecessor-version":[{"id":24118,"href":"https:\/\/www.colocolofs.es\/web\/wp-json\/wp\/v2\/pages\/19935\/revisions\/24118"}],"wp:attachment":[{"href":"https:\/\/www.colocolofs.es\/web\/wp-json\/wp\/v2\/media?parent=19935"}],"curies":[{"name":"wp","href":"https:\/\/api.w.org\/{rel}","templated":true}]}}