{"id":19947,"date":"2023-07-23T11:33:01","date_gmt":"2023-07-23T11:33:01","guid":{"rendered":"http:\/\/www.colocolofs.es\/web\/?page_id=19947"},"modified":"2026-02-01T21:57:40","modified_gmt":"2026-02-01T21:57:40","slug":"infantil-b","status":"publish","type":"page","link":"https:\/\/www.colocolofs.es\/web\/infantil-b\/","title":{"rendered":"INFANTIL &#8216;B&#8217;"},"content":{"rendered":"<p>[vc_row][vc_column][vc_text_separator title=\u00bbPLANTILLA\u00bb color=\u00bbblue\u00bb border_width=\u00bb3&#8243;][\/vc_column][\/vc_row][vc_row][vc_column][vc_column_text]4 &#8211; Rodrigo Mart\u00ednez Redondo<\/p>\n<p>6 &#8211; Thiago Cucal\u00f3n Casaj\u00fas<\/p>\n<p>7 &#8211; \u00c1lvaro Garc\u00eda Hernando<\/p>\n<p>8 &#8211; Ra\u00fal Lozano S\u00e1nchez<\/p>\n<p>9 &#8211; H\u00e9ctor L\u00f3pez Bernab\u00e9<\/p>\n<p>10 &#8211; Pablo Galindo Quero<\/p>\n<p>11 &#8211; Nicol\u00e1s Carol Cano<\/p>\n<p>19 &#8211; Francisco Mac\u00edas P\u00e9rez<\/p>\n<p>20 &#8211; Francisco Cebolla Strugaru<\/p>\n<p>21 &#8211; Nazan Gonzalo Pardo<\/p>\n<p>99 &#8211; Hugo Dub\u00f3n Garc\u00eda<\/p>\n<p>Entrenador: Manolo Bergua Vergara<\/p>\n<p>Ayudante: Fernando Sopena Monta\u00f1\u00e9s[\/vc_column_text][\/vc_column][\/vc_row]<\/p>\n","protected":false},"excerpt":{"rendered":"<p>[vc_row][vc_column][vc_text_separator title=\u00bbPLANTILLA\u00bb color=\u00bbblue\u00bb border_width=\u00bb3&#8243;][\/vc_column][\/vc_row][vc_row][vc_column][vc_column_text]4 &#8211; Rodrigo Mart\u00ednez Redondo 6 &#8211; Thiago Cucal\u00f3n Casaj\u00fas 7 &#8211; \u00c1lvaro Garc\u00eda Hernando 8 &#8211; Ra\u00fal Lozano S\u00e1nchez 9 &#8211; H\u00e9ctor L\u00f3pez Bernab\u00e9 10 &#8211; Pablo Galindo Quero 11 &#8211; Nicol\u00e1s Carol Cano 19 &#8211; Francisco Mac\u00edas P\u00e9rez 20 &#8211; Francisco Cebolla Strugaru 21 &#8211; Nazan Gonzalo Pardo 99 &#8211; [&hellip;]<\/p>\n","protected":false},"author":1,"featured_media":0,"parent":0,"menu_order":0,"comment_status":"closed","ping_status":"closed","template":"","meta":{"footnotes":""},"class_list":["post-19947","page","type-page","status-publish","hentry"],"yoast_head":"<!-- This site is optimized with the Yoast SEO plugin v14.4.1 - https:\/\/yoast.com\/wordpress\/plugins\/seo\/ -->\n<title>INFANTIL &#039;B&#039; - Entrerr\u00edos Automatizaci\u00f3n<\/title>\n<meta name=\"robots\" content=\"index, follow\" \/>\n<meta name=\"googlebot\" content=\"index, follow, max-snippet:-1, max-image-preview:large, max-video-preview:-1\" \/>\n<meta name=\"bingbot\" content=\"index, follow, max-snippet:-1, max-image-preview:large, max-video-preview:-1\" \/>\n<link rel=\"canonical\" href=\"https:\/\/www.colocolofs.es\/web\/infantil-b\/\" \/>\n<meta property=\"og:locale\" content=\"es_ES\" \/>\n<meta property=\"og:type\" content=\"article\" \/>\n<meta property=\"og:title\" content=\"INFANTIL &#039;B&#039; - Entrerr\u00edos Automatizaci\u00f3n\" \/>\n<meta property=\"og:description\" content=\"[vc_row][vc_column][vc_text_separator title=\u00bbPLANTILLA\u00bb color=\u00bbblue\u00bb border_width=\u00bb3&#8243;][\/vc_column][\/vc_row][vc_row][vc_column][vc_column_text]4 &#8211; Rodrigo Mart\u00ednez Redondo 6 &#8211; Thiago Cucal\u00f3n Casaj\u00fas 7 &#8211; \u00c1lvaro Garc\u00eda Hernando 8 &#8211; Ra\u00fal Lozano S\u00e1nchez 9 &#8211; H\u00e9ctor L\u00f3pez Bernab\u00e9 10 &#8211; Pablo Galindo Quero 11 &#8211; Nicol\u00e1s Carol Cano 19 &#8211; Francisco Mac\u00edas P\u00e9rez 20 &#8211; Francisco Cebolla Strugaru 21 &#8211; Nazan Gonzalo Pardo 99 &#8211; [&hellip;]\" \/>\n<meta property=\"og:url\" content=\"https:\/\/www.colocolofs.es\/web\/infantil-b\/\" \/>\n<meta property=\"og:site_name\" content=\"Entrerr\u00edos Automatizaci\u00f3n\" \/>\n<meta property=\"article:modified_time\" content=\"2026-02-01T21:57:40+00:00\" \/>\n<meta name=\"twitter:card\" content=\"summary_large_image\" \/>\n<script type=\"application\/ld+json\" class=\"yoast-schema-graph\">{\"@context\":\"https:\/\/schema.org\",\"@graph\":[{\"@type\":\"WebSite\",\"@id\":\"https:\/\/www.colocolofs.es\/web\/#website\",\"url\":\"https:\/\/www.colocolofs.es\/web\/\",\"name\":\"Entrerr\\u00edos Automatizaci\\u00f3n\",\"description\":\"Web oficial\",\"potentialAction\":[{\"@type\":\"SearchAction\",\"target\":\"https:\/\/www.colocolofs.es\/web\/?s={search_term_string}\",\"query-input\":\"required name=search_term_string\"}],\"inLanguage\":\"es\"},{\"@type\":\"WebPage\",\"@id\":\"https:\/\/www.colocolofs.es\/web\/infantil-b\/#webpage\",\"url\":\"https:\/\/www.colocolofs.es\/web\/infantil-b\/\",\"name\":\"INFANTIL 'B' - Entrerr\\u00edos Automatizaci\\u00f3n\",\"isPartOf\":{\"@id\":\"https:\/\/www.colocolofs.es\/web\/#website\"},\"datePublished\":\"2023-07-23T11:33:01+00:00\",\"dateModified\":\"2026-02-01T21:57:40+00:00\",\"inLanguage\":\"es\",\"potentialAction\":[{\"@type\":\"ReadAction\",\"target\":[\"https:\/\/www.colocolofs.es\/web\/infantil-b\/\"]}]}]}<\/script>\n<!-- \/ Yoast SEO plugin. -->","_links":{"self":[{"href":"https:\/\/www.colocolofs.es\/web\/wp-json\/wp\/v2\/pages\/19947","targetHints":{"allow":["GET"]}}],"collection":[{"href":"https:\/\/www.colocolofs.es\/web\/wp-json\/wp\/v2\/pages"}],"about":[{"href":"https:\/\/www.colocolofs.es\/web\/wp-json\/wp\/v2\/types\/page"}],"author":[{"embeddable":true,"href":"https:\/\/www.colocolofs.es\/web\/wp-json\/wp\/v2\/users\/1"}],"replies":[{"embeddable":true,"href":"https:\/\/www.colocolofs.es\/web\/wp-json\/wp\/v2\/comments?post=19947"}],"version-history":[{"count":7,"href":"https:\/\/www.colocolofs.es\/web\/wp-json\/wp\/v2\/pages\/19947\/revisions"}],"predecessor-version":[{"id":24864,"href":"https:\/\/www.colocolofs.es\/web\/wp-json\/wp\/v2\/pages\/19947\/revisions\/24864"}],"wp:attachment":[{"href":"https:\/\/www.colocolofs.es\/web\/wp-json\/wp\/v2\/media?parent=19947"}],"curies":[{"name":"wp","href":"https:\/\/api.w.org\/{rel}","templated":true}]}}