{"id":19977,"date":"2023-07-28T12:58:48","date_gmt":"2023-07-28T12:58:48","guid":{"rendered":"http:\/\/www.colocolofs.es\/web\/?page_id=19977"},"modified":"2026-01-01T21:37:59","modified_gmt":"2026-01-01T21:37:59","slug":"pre-iniciacion","status":"publish","type":"page","link":"https:\/\/www.colocolofs.es\/web\/pre-iniciacion\/","title":{"rendered":"PRE-INICIACI\u00d3N"},"content":{"rendered":"<p>[vc_row][vc_column][vc_text_separator title=\u00bbPLANTILLA\u00bb color=\u00bbblue\u00bb border_width=\u00bb3&#8243;][\/vc_column][\/vc_row][vc_row][vc_column][vc_column_text]3 &#8211; Marcos Latorre<\/p>\n<p>4 &#8211; Mateo Minguill\u00f3n<\/p>\n<p>5 &#8211; Matias Crespo<\/p>\n<p>6 &#8211; Daniel Piqueras<\/p>\n<p>7 &#8211; Pablo Tejel<\/p>\n<p>8 &#8211; Sergio Bened\u00ed<\/p>\n<p>9 &#8211; Thiago<\/p>\n<p>10 &#8211; \u00c1lvaro Laus\u00edn<\/p>\n<p>14 &#8211; Jorge Pallar\u00e9s<\/p>\n<p>20 &#8211; Lucas Mu\u00f1oz<\/p>\n<p>Entrenador: Marcos Forga<\/p>\n<p>Ayudante: Hanna Solsona[\/vc_column_text][\/vc_column][\/vc_row]<\/p>\n","protected":false},"excerpt":{"rendered":"<p>[vc_row][vc_column][vc_text_separator title=\u00bbPLANTILLA\u00bb color=\u00bbblue\u00bb border_width=\u00bb3&#8243;][\/vc_column][\/vc_row][vc_row][vc_column][vc_column_text]3 &#8211; Marcos Latorre 4 &#8211; Mateo Minguill\u00f3n 5 &#8211; Matias Crespo 6 &#8211; Daniel Piqueras 7 &#8211; Pablo Tejel 8 &#8211; Sergio Bened\u00ed 9 &#8211; Thiago 10 &#8211; \u00c1lvaro Laus\u00edn 14 &#8211; Jorge Pallar\u00e9s 20 &#8211; Lucas Mu\u00f1oz Entrenador: Marcos Forga Ayudante: Hanna Solsona[\/vc_column_text][\/vc_column][\/vc_row]<\/p>\n","protected":false},"author":1,"featured_media":0,"parent":0,"menu_order":0,"comment_status":"closed","ping_status":"closed","template":"","meta":{"footnotes":""},"class_list":["post-19977","page","type-page","status-publish","hentry"],"yoast_head":"<!-- This site is optimized with the Yoast SEO plugin v14.4.1 - https:\/\/yoast.com\/wordpress\/plugins\/seo\/ -->\n<title>PRE-INICIACI\u00d3N - Entrerr\u00edos Automatizaci\u00f3n<\/title>\n<meta name=\"robots\" content=\"index, follow\" \/>\n<meta name=\"googlebot\" content=\"index, follow, max-snippet:-1, max-image-preview:large, max-video-preview:-1\" \/>\n<meta name=\"bingbot\" content=\"index, follow, max-snippet:-1, max-image-preview:large, max-video-preview:-1\" \/>\n<link rel=\"canonical\" href=\"https:\/\/www.colocolofs.es\/web\/pre-iniciacion\/\" \/>\n<meta property=\"og:locale\" content=\"es_ES\" \/>\n<meta property=\"og:type\" content=\"article\" \/>\n<meta property=\"og:title\" content=\"PRE-INICIACI\u00d3N - Entrerr\u00edos Automatizaci\u00f3n\" \/>\n<meta property=\"og:description\" content=\"[vc_row][vc_column][vc_text_separator title=\u00bbPLANTILLA\u00bb color=\u00bbblue\u00bb border_width=\u00bb3&#8243;][\/vc_column][\/vc_row][vc_row][vc_column][vc_column_text]3 &#8211; Marcos Latorre 4 &#8211; Mateo Minguill\u00f3n 5 &#8211; Matias Crespo 6 &#8211; Daniel Piqueras 7 &#8211; Pablo Tejel 8 &#8211; Sergio Bened\u00ed 9 &#8211; Thiago 10 &#8211; \u00c1lvaro Laus\u00edn 14 &#8211; Jorge Pallar\u00e9s 20 &#8211; Lucas Mu\u00f1oz Entrenador: Marcos Forga Ayudante: Hanna Solsona[\/vc_column_text][\/vc_column][\/vc_row]\" \/>\n<meta property=\"og:url\" content=\"https:\/\/www.colocolofs.es\/web\/pre-iniciacion\/\" \/>\n<meta property=\"og:site_name\" content=\"Entrerr\u00edos Automatizaci\u00f3n\" \/>\n<meta property=\"article:modified_time\" content=\"2026-01-01T21:37:59+00:00\" \/>\n<meta name=\"twitter:card\" content=\"summary_large_image\" \/>\n<script type=\"application\/ld+json\" class=\"yoast-schema-graph\">{\"@context\":\"https:\/\/schema.org\",\"@graph\":[{\"@type\":\"WebSite\",\"@id\":\"https:\/\/www.colocolofs.es\/web\/#website\",\"url\":\"https:\/\/www.colocolofs.es\/web\/\",\"name\":\"Entrerr\\u00edos Automatizaci\\u00f3n\",\"description\":\"Web oficial\",\"potentialAction\":[{\"@type\":\"SearchAction\",\"target\":\"https:\/\/www.colocolofs.es\/web\/?s={search_term_string}\",\"query-input\":\"required name=search_term_string\"}],\"inLanguage\":\"es\"},{\"@type\":\"WebPage\",\"@id\":\"https:\/\/www.colocolofs.es\/web\/pre-iniciacion\/#webpage\",\"url\":\"https:\/\/www.colocolofs.es\/web\/pre-iniciacion\/\",\"name\":\"PRE-INICIACI\\u00d3N - Entrerr\\u00edos Automatizaci\\u00f3n\",\"isPartOf\":{\"@id\":\"https:\/\/www.colocolofs.es\/web\/#website\"},\"datePublished\":\"2023-07-28T12:58:48+00:00\",\"dateModified\":\"2026-01-01T21:37:59+00:00\",\"inLanguage\":\"es\",\"potentialAction\":[{\"@type\":\"ReadAction\",\"target\":[\"https:\/\/www.colocolofs.es\/web\/pre-iniciacion\/\"]}]}]}<\/script>\n<!-- \/ Yoast SEO plugin. -->","_links":{"self":[{"href":"https:\/\/www.colocolofs.es\/web\/wp-json\/wp\/v2\/pages\/19977","targetHints":{"allow":["GET"]}}],"collection":[{"href":"https:\/\/www.colocolofs.es\/web\/wp-json\/wp\/v2\/pages"}],"about":[{"href":"https:\/\/www.colocolofs.es\/web\/wp-json\/wp\/v2\/types\/page"}],"author":[{"embeddable":true,"href":"https:\/\/www.colocolofs.es\/web\/wp-json\/wp\/v2\/users\/1"}],"replies":[{"embeddable":true,"href":"https:\/\/www.colocolofs.es\/web\/wp-json\/wp\/v2\/comments?post=19977"}],"version-history":[{"count":10,"href":"https:\/\/www.colocolofs.es\/web\/wp-json\/wp\/v2\/pages\/19977\/revisions"}],"predecessor-version":[{"id":24640,"href":"https:\/\/www.colocolofs.es\/web\/wp-json\/wp\/v2\/pages\/19977\/revisions\/24640"}],"wp:attachment":[{"href":"https:\/\/www.colocolofs.es\/web\/wp-json\/wp\/v2\/media?parent=19977"}],"curies":[{"name":"wp","href":"https:\/\/api.w.org\/{rel}","templated":true}]}}