{"id":20096,"date":"2023-09-24T18:09:51","date_gmt":"2023-09-24T18:09:51","guid":{"rendered":"http:\/\/www.colocolofs.es\/web\/?page_id=20096"},"modified":"2025-10-25T11:23:09","modified_gmt":"2025-10-25T11:23:09","slug":"infantil-xxi-a","status":"publish","type":"page","link":"https:\/\/www.colocolofs.es\/web\/infantil-xxi-a\/","title":{"rendered":"INFANTIL XXI &#8216;A&#8217;"},"content":{"rendered":"<p>[vc_row][vc_column][vc_text_separator title=\u00bbPLANTILLA\u00bb color=\u00bbblue\u00bb border_width=\u00bb3&#8243;][\/vc_column][\/vc_row][vc_row][vc_column][vc_column_text]3 &#8211; Gabriel S\u00e1nchez Villarroya<\/p>\n<p>7 &#8211; Fernando Correas Orio<\/p>\n<p>8 &#8211; Hugo Serrano Garc\u00eda<\/p>\n<p>9 &#8211; Alejandro Bueno Bret\u00f3n<\/p>\n<p>10 &#8211; Aksel Corella Larroy<\/p>\n<p>20 &#8211; Enrique Vililla R\u00edos<\/p>\n<p>24 &#8211; Nicol\u00e1s Riberas Bara<\/p>\n<p>55 &#8211; Mark Saenz Cherkashin<\/p>\n<p>Entrenador: Ra\u00fal Izquierdo Caberizo[\/vc_column_text][\/vc_column][\/vc_row]<\/p>\n","protected":false},"excerpt":{"rendered":"<p>[vc_row][vc_column][vc_text_separator title=\u00bbPLANTILLA\u00bb color=\u00bbblue\u00bb border_width=\u00bb3&#8243;][\/vc_column][\/vc_row][vc_row][vc_column][vc_column_text]3 &#8211; Gabriel S\u00e1nchez Villarroya 7 &#8211; Fernando Correas Orio 8 &#8211; Hugo Serrano Garc\u00eda 9 &#8211; Alejandro Bueno Bret\u00f3n 10 &#8211; Aksel Corella Larroy 20 &#8211; Enrique Vililla R\u00edos 24 &#8211; Nicol\u00e1s Riberas Bara 55 &#8211; Mark Saenz Cherkashin Entrenador: Ra\u00fal Izquierdo Caberizo[\/vc_column_text][\/vc_column][\/vc_row]<\/p>\n","protected":false},"author":1,"featured_media":0,"parent":0,"menu_order":0,"comment_status":"closed","ping_status":"closed","template":"","meta":{"footnotes":""},"class_list":["post-20096","page","type-page","status-publish","hentry"],"yoast_head":"<!-- This site is optimized with the Yoast SEO plugin v14.4.1 - https:\/\/yoast.com\/wordpress\/plugins\/seo\/ -->\n<title>INFANTIL XXI &#039;A&#039; - Entrerr\u00edos Automatizaci\u00f3n<\/title>\n<meta name=\"robots\" content=\"index, follow\" \/>\n<meta name=\"googlebot\" content=\"index, follow, max-snippet:-1, max-image-preview:large, max-video-preview:-1\" \/>\n<meta name=\"bingbot\" content=\"index, follow, max-snippet:-1, max-image-preview:large, max-video-preview:-1\" \/>\n<link rel=\"canonical\" href=\"https:\/\/www.colocolofs.es\/web\/infantil-xxi-a\/\" \/>\n<meta property=\"og:locale\" content=\"es_ES\" \/>\n<meta property=\"og:type\" content=\"article\" \/>\n<meta property=\"og:title\" content=\"INFANTIL XXI &#039;A&#039; - Entrerr\u00edos Automatizaci\u00f3n\" \/>\n<meta property=\"og:description\" content=\"[vc_row][vc_column][vc_text_separator title=\u00bbPLANTILLA\u00bb color=\u00bbblue\u00bb border_width=\u00bb3&#8243;][\/vc_column][\/vc_row][vc_row][vc_column][vc_column_text]3 &#8211; Gabriel S\u00e1nchez Villarroya 7 &#8211; Fernando Correas Orio 8 &#8211; Hugo Serrano Garc\u00eda 9 &#8211; Alejandro Bueno Bret\u00f3n 10 &#8211; Aksel Corella Larroy 20 &#8211; Enrique Vililla R\u00edos 24 &#8211; Nicol\u00e1s Riberas Bara 55 &#8211; Mark Saenz Cherkashin Entrenador: Ra\u00fal Izquierdo Caberizo[\/vc_column_text][\/vc_column][\/vc_row]\" \/>\n<meta property=\"og:url\" content=\"https:\/\/www.colocolofs.es\/web\/infantil-xxi-a\/\" \/>\n<meta property=\"og:site_name\" content=\"Entrerr\u00edos Automatizaci\u00f3n\" \/>\n<meta property=\"article:modified_time\" content=\"2025-10-25T11:23:09+00:00\" \/>\n<meta name=\"twitter:card\" content=\"summary_large_image\" \/>\n<script type=\"application\/ld+json\" class=\"yoast-schema-graph\">{\"@context\":\"https:\/\/schema.org\",\"@graph\":[{\"@type\":\"WebSite\",\"@id\":\"https:\/\/www.colocolofs.es\/web\/#website\",\"url\":\"https:\/\/www.colocolofs.es\/web\/\",\"name\":\"Entrerr\\u00edos Automatizaci\\u00f3n\",\"description\":\"Web oficial\",\"potentialAction\":[{\"@type\":\"SearchAction\",\"target\":\"https:\/\/www.colocolofs.es\/web\/?s={search_term_string}\",\"query-input\":\"required name=search_term_string\"}],\"inLanguage\":\"es\"},{\"@type\":\"WebPage\",\"@id\":\"https:\/\/www.colocolofs.es\/web\/infantil-xxi-a\/#webpage\",\"url\":\"https:\/\/www.colocolofs.es\/web\/infantil-xxi-a\/\",\"name\":\"INFANTIL XXI 'A' - Entrerr\\u00edos Automatizaci\\u00f3n\",\"isPartOf\":{\"@id\":\"https:\/\/www.colocolofs.es\/web\/#website\"},\"datePublished\":\"2023-09-24T18:09:51+00:00\",\"dateModified\":\"2025-10-25T11:23:09+00:00\",\"inLanguage\":\"es\",\"potentialAction\":[{\"@type\":\"ReadAction\",\"target\":[\"https:\/\/www.colocolofs.es\/web\/infantil-xxi-a\/\"]}]}]}<\/script>\n<!-- \/ Yoast SEO plugin. -->","_links":{"self":[{"href":"https:\/\/www.colocolofs.es\/web\/wp-json\/wp\/v2\/pages\/20096","targetHints":{"allow":["GET"]}}],"collection":[{"href":"https:\/\/www.colocolofs.es\/web\/wp-json\/wp\/v2\/pages"}],"about":[{"href":"https:\/\/www.colocolofs.es\/web\/wp-json\/wp\/v2\/types\/page"}],"author":[{"embeddable":true,"href":"https:\/\/www.colocolofs.es\/web\/wp-json\/wp\/v2\/users\/1"}],"replies":[{"embeddable":true,"href":"https:\/\/www.colocolofs.es\/web\/wp-json\/wp\/v2\/comments?post=20096"}],"version-history":[{"count":10,"href":"https:\/\/www.colocolofs.es\/web\/wp-json\/wp\/v2\/pages\/20096\/revisions"}],"predecessor-version":[{"id":24090,"href":"https:\/\/www.colocolofs.es\/web\/wp-json\/wp\/v2\/pages\/20096\/revisions\/24090"}],"wp:attachment":[{"href":"https:\/\/www.colocolofs.es\/web\/wp-json\/wp\/v2\/media?parent=20096"}],"curies":[{"name":"wp","href":"https:\/\/api.w.org\/{rel}","templated":true}]}}