{"id":21797,"date":"2024-06-30T09:47:59","date_gmt":"2024-06-30T09:47:59","guid":{"rendered":"http:\/\/www.colocolofs.es\/web\/?page_id=21797"},"modified":"2026-01-01T20:39:36","modified_gmt":"2026-01-01T20:39:36","slug":"benjamin-xxi-a","status":"publish","type":"page","link":"https:\/\/www.colocolofs.es\/web\/benjamin-xxi-a\/","title":{"rendered":"BENJAM\u00cdN XXI &#8216;A&#8217;"},"content":{"rendered":"<p>[vc_row][vc_column][vc_text_separator title=\u00bbPLANTILLA\u00bb color=\u00bbblue\u00bb border_width=\u00bb3&#8243;][\/vc_column][\/vc_row][vc_row][vc_column][vc_column_text]3 &#8211; Leo Berenguer Mart\u00edn<\/p>\n<p>4 &#8211; Diego Ereza Rubio<\/p>\n<p>7 &#8211; Adri\u00e1n Barcelo Mairal<\/p>\n<p>8 &#8211; Acher Monserrat Conte<\/p>\n<p>9 &#8211; Jorge Del Toro<\/p>\n<p>10 &#8211; Julen Galindo Cuevas<\/p>\n<p>11 &#8211; Alejandro Sevilla Casale<\/p>\n<p>19 &#8211; Francho Lipe Mart\u00ednez<\/p>\n<p>21 &#8211; Sergio Lozano S\u00e0nchez<\/p>\n<p>Entrenador: Marcos Escosa Peco<\/p>\n<p>Ayudantes: Daniel Olmos Gomera y \u00c1lvaro Sanz Arrac\u00f3[\/vc_column_text][\/vc_column][\/vc_row]<\/p>\n","protected":false},"excerpt":{"rendered":"<p>[vc_row][vc_column][vc_text_separator title=\u00bbPLANTILLA\u00bb color=\u00bbblue\u00bb border_width=\u00bb3&#8243;][\/vc_column][\/vc_row][vc_row][vc_column][vc_column_text]3 &#8211; Leo Berenguer Mart\u00edn 4 &#8211; Diego Ereza Rubio 7 &#8211; Adri\u00e1n Barcelo Mairal 8 &#8211; Acher Monserrat Conte 9 &#8211; Jorge Del Toro 10 &#8211; Julen Galindo Cuevas 11 &#8211; Alejandro Sevilla Casale 19 &#8211; Francho Lipe Mart\u00ednez 21 &#8211; Sergio Lozano S\u00e0nchez Entrenador: Marcos Escosa Peco Ayudantes: Daniel Olmos [&hellip;]<\/p>\n","protected":false},"author":1,"featured_media":0,"parent":0,"menu_order":0,"comment_status":"closed","ping_status":"closed","template":"","meta":{"footnotes":""},"class_list":["post-21797","page","type-page","status-publish","hentry"],"yoast_head":"<!-- This site is optimized with the Yoast SEO plugin v14.4.1 - https:\/\/yoast.com\/wordpress\/plugins\/seo\/ -->\n<title>BENJAM\u00cdN XXI &#039;A&#039; - Entrerr\u00edos Automatizaci\u00f3n<\/title>\n<meta name=\"robots\" content=\"index, follow\" \/>\n<meta name=\"googlebot\" content=\"index, follow, max-snippet:-1, max-image-preview:large, max-video-preview:-1\" \/>\n<meta name=\"bingbot\" content=\"index, follow, max-snippet:-1, max-image-preview:large, max-video-preview:-1\" \/>\n<link rel=\"canonical\" href=\"https:\/\/www.colocolofs.es\/web\/benjamin-xxi-a\/\" \/>\n<meta property=\"og:locale\" content=\"es_ES\" \/>\n<meta property=\"og:type\" content=\"article\" \/>\n<meta property=\"og:title\" content=\"BENJAM\u00cdN XXI &#039;A&#039; - Entrerr\u00edos Automatizaci\u00f3n\" \/>\n<meta property=\"og:description\" content=\"[vc_row][vc_column][vc_text_separator title=\u00bbPLANTILLA\u00bb color=\u00bbblue\u00bb border_width=\u00bb3&#8243;][\/vc_column][\/vc_row][vc_row][vc_column][vc_column_text]3 &#8211; Leo Berenguer Mart\u00edn 4 &#8211; Diego Ereza Rubio 7 &#8211; Adri\u00e1n Barcelo Mairal 8 &#8211; Acher Monserrat Conte 9 &#8211; Jorge Del Toro 10 &#8211; Julen Galindo Cuevas 11 &#8211; Alejandro Sevilla Casale 19 &#8211; Francho Lipe Mart\u00ednez 21 &#8211; Sergio Lozano S\u00e0nchez Entrenador: Marcos Escosa Peco Ayudantes: Daniel Olmos [&hellip;]\" \/>\n<meta property=\"og:url\" content=\"https:\/\/www.colocolofs.es\/web\/benjamin-xxi-a\/\" \/>\n<meta property=\"og:site_name\" content=\"Entrerr\u00edos Automatizaci\u00f3n\" \/>\n<meta property=\"article:modified_time\" content=\"2026-01-01T20:39:36+00:00\" \/>\n<meta name=\"twitter:card\" content=\"summary_large_image\" \/>\n<script type=\"application\/ld+json\" class=\"yoast-schema-graph\">{\"@context\":\"https:\/\/schema.org\",\"@graph\":[{\"@type\":\"WebSite\",\"@id\":\"https:\/\/www.colocolofs.es\/web\/#website\",\"url\":\"https:\/\/www.colocolofs.es\/web\/\",\"name\":\"Entrerr\\u00edos Automatizaci\\u00f3n\",\"description\":\"Web oficial\",\"potentialAction\":[{\"@type\":\"SearchAction\",\"target\":\"https:\/\/www.colocolofs.es\/web\/?s={search_term_string}\",\"query-input\":\"required name=search_term_string\"}],\"inLanguage\":\"es\"},{\"@type\":\"WebPage\",\"@id\":\"https:\/\/www.colocolofs.es\/web\/benjamin-xxi-a\/#webpage\",\"url\":\"https:\/\/www.colocolofs.es\/web\/benjamin-xxi-a\/\",\"name\":\"BENJAM\\u00cdN XXI 'A' - Entrerr\\u00edos Automatizaci\\u00f3n\",\"isPartOf\":{\"@id\":\"https:\/\/www.colocolofs.es\/web\/#website\"},\"datePublished\":\"2024-06-30T09:47:59+00:00\",\"dateModified\":\"2026-01-01T20:39:36+00:00\",\"inLanguage\":\"es\",\"potentialAction\":[{\"@type\":\"ReadAction\",\"target\":[\"https:\/\/www.colocolofs.es\/web\/benjamin-xxi-a\/\"]}]}]}<\/script>\n<!-- \/ Yoast SEO plugin. -->","_links":{"self":[{"href":"https:\/\/www.colocolofs.es\/web\/wp-json\/wp\/v2\/pages\/21797","targetHints":{"allow":["GET"]}}],"collection":[{"href":"https:\/\/www.colocolofs.es\/web\/wp-json\/wp\/v2\/pages"}],"about":[{"href":"https:\/\/www.colocolofs.es\/web\/wp-json\/wp\/v2\/types\/page"}],"author":[{"embeddable":true,"href":"https:\/\/www.colocolofs.es\/web\/wp-json\/wp\/v2\/users\/1"}],"replies":[{"embeddable":true,"href":"https:\/\/www.colocolofs.es\/web\/wp-json\/wp\/v2\/comments?post=21797"}],"version-history":[{"count":9,"href":"https:\/\/www.colocolofs.es\/web\/wp-json\/wp\/v2\/pages\/21797\/revisions"}],"predecessor-version":[{"id":24623,"href":"https:\/\/www.colocolofs.es\/web\/wp-json\/wp\/v2\/pages\/21797\/revisions\/24623"}],"wp:attachment":[{"href":"https:\/\/www.colocolofs.es\/web\/wp-json\/wp\/v2\/media?parent=21797"}],"curies":[{"name":"wp","href":"https:\/\/api.w.org\/{rel}","templated":true}]}}