{"id":21801,"date":"2024-06-30T09:50:29","date_gmt":"2024-06-30T09:50:29","guid":{"rendered":"http:\/\/www.colocolofs.es\/web\/?page_id=21801"},"modified":"2026-02-01T22:01:44","modified_gmt":"2026-02-01T22:01:44","slug":"cadete-xxi-a","status":"publish","type":"page","link":"https:\/\/www.colocolofs.es\/web\/cadete-xxi-a\/","title":{"rendered":"CADETE XXI &#8216;A&#8217;"},"content":{"rendered":"<p>[vc_row][vc_column][vc_text_separator title=\u00bbPLANTILLA\u00bb color=\u00bbblue\u00bb border_width=\u00bb3&#8243;][\/vc_column][\/vc_row][vc_row][vc_column][vc_column_text]1 &#8211; Oliver Cruz Contamine<\/p>\n<p>2 &#8211; Ian Bernab\u00e9u Salvat<\/p>\n<p>3 &#8211; Acher Cabeza Barbero<\/p>\n<p>7 &#8211; Julen Ituarte Gallego<\/p>\n<p>10 &#8211; Carlos Salue\u00f1a Ordov\u00e1s<\/p>\n<p>11 &#8211; \u00c1lvaro Nieto Liscano<\/p>\n<p>13 &#8211; Mart\u00edn Serrano Garc\u00eda<\/p>\n<p>14 &#8211; Marcos Diez P\u00e9rez<\/p>\n<p>19 &#8211; Rub\u00e9n S\u00e1nchez Pina<\/p>\n<p>20 &#8211; \u00c1lvaro Solanas L\u00e1zaro<\/p>\n<p>21 &#8211; Pablo Dolader Llorente<\/p>\n<p>Entrenador: Iv\u00e1n Lob\u00e1n Blasco<\/p>\n<p>Ayudante: Alberto Conde Azc\u00f3n<\/p>\n<p>Ayudante: Jos\u00e9 Manuel Exposito Atienza[\/vc_column_text][\/vc_column][\/vc_row]<\/p>\n","protected":false},"excerpt":{"rendered":"<p>[vc_row][vc_column][vc_text_separator title=\u00bbPLANTILLA\u00bb color=\u00bbblue\u00bb border_width=\u00bb3&#8243;][\/vc_column][\/vc_row][vc_row][vc_column][vc_column_text]1 &#8211; Oliver Cruz Contamine 2 &#8211; Ian Bernab\u00e9u Salvat 3 &#8211; Acher Cabeza Barbero 7 &#8211; Julen Ituarte Gallego 10 &#8211; Carlos Salue\u00f1a Ordov\u00e1s 11 &#8211; \u00c1lvaro Nieto Liscano 13 &#8211; Mart\u00edn Serrano Garc\u00eda 14 &#8211; Marcos Diez P\u00e9rez 19 &#8211; Rub\u00e9n S\u00e1nchez Pina 20 &#8211; \u00c1lvaro Solanas L\u00e1zaro 21 &#8211; [&hellip;]<\/p>\n","protected":false},"author":1,"featured_media":0,"parent":0,"menu_order":0,"comment_status":"closed","ping_status":"closed","template":"","meta":{"footnotes":""},"class_list":["post-21801","page","type-page","status-publish","hentry"],"yoast_head":"<!-- This site is optimized with the Yoast SEO plugin v14.4.1 - https:\/\/yoast.com\/wordpress\/plugins\/seo\/ -->\n<title>CADETE XXI &#039;A&#039; - Entrerr\u00edos Automatizaci\u00f3n<\/title>\n<meta name=\"robots\" content=\"index, follow\" \/>\n<meta name=\"googlebot\" content=\"index, follow, max-snippet:-1, max-image-preview:large, max-video-preview:-1\" \/>\n<meta name=\"bingbot\" content=\"index, follow, max-snippet:-1, max-image-preview:large, max-video-preview:-1\" \/>\n<link rel=\"canonical\" href=\"https:\/\/www.colocolofs.es\/web\/cadete-xxi-a\/\" \/>\n<meta property=\"og:locale\" content=\"es_ES\" \/>\n<meta property=\"og:type\" content=\"article\" \/>\n<meta property=\"og:title\" content=\"CADETE XXI &#039;A&#039; - Entrerr\u00edos Automatizaci\u00f3n\" \/>\n<meta property=\"og:description\" content=\"[vc_row][vc_column][vc_text_separator title=\u00bbPLANTILLA\u00bb color=\u00bbblue\u00bb border_width=\u00bb3&#8243;][\/vc_column][\/vc_row][vc_row][vc_column][vc_column_text]1 &#8211; Oliver Cruz Contamine 2 &#8211; Ian Bernab\u00e9u Salvat 3 &#8211; Acher Cabeza Barbero 7 &#8211; Julen Ituarte Gallego 10 &#8211; Carlos Salue\u00f1a Ordov\u00e1s 11 &#8211; \u00c1lvaro Nieto Liscano 13 &#8211; Mart\u00edn Serrano Garc\u00eda 14 &#8211; Marcos Diez P\u00e9rez 19 &#8211; Rub\u00e9n S\u00e1nchez Pina 20 &#8211; \u00c1lvaro Solanas L\u00e1zaro 21 &#8211; [&hellip;]\" \/>\n<meta property=\"og:url\" content=\"https:\/\/www.colocolofs.es\/web\/cadete-xxi-a\/\" \/>\n<meta property=\"og:site_name\" content=\"Entrerr\u00edos Automatizaci\u00f3n\" \/>\n<meta property=\"article:modified_time\" content=\"2026-02-01T22:01:44+00:00\" \/>\n<meta name=\"twitter:card\" content=\"summary_large_image\" \/>\n<script type=\"application\/ld+json\" class=\"yoast-schema-graph\">{\"@context\":\"https:\/\/schema.org\",\"@graph\":[{\"@type\":\"WebSite\",\"@id\":\"https:\/\/www.colocolofs.es\/web\/#website\",\"url\":\"https:\/\/www.colocolofs.es\/web\/\",\"name\":\"Entrerr\\u00edos Automatizaci\\u00f3n\",\"description\":\"Web oficial\",\"potentialAction\":[{\"@type\":\"SearchAction\",\"target\":\"https:\/\/www.colocolofs.es\/web\/?s={search_term_string}\",\"query-input\":\"required name=search_term_string\"}],\"inLanguage\":\"es\"},{\"@type\":\"WebPage\",\"@id\":\"https:\/\/www.colocolofs.es\/web\/cadete-xxi-a\/#webpage\",\"url\":\"https:\/\/www.colocolofs.es\/web\/cadete-xxi-a\/\",\"name\":\"CADETE XXI 'A' - Entrerr\\u00edos Automatizaci\\u00f3n\",\"isPartOf\":{\"@id\":\"https:\/\/www.colocolofs.es\/web\/#website\"},\"datePublished\":\"2024-06-30T09:50:29+00:00\",\"dateModified\":\"2026-02-01T22:01:44+00:00\",\"inLanguage\":\"es\",\"potentialAction\":[{\"@type\":\"ReadAction\",\"target\":[\"https:\/\/www.colocolofs.es\/web\/cadete-xxi-a\/\"]}]}]}<\/script>\n<!-- \/ Yoast SEO plugin. -->","_links":{"self":[{"href":"https:\/\/www.colocolofs.es\/web\/wp-json\/wp\/v2\/pages\/21801","targetHints":{"allow":["GET"]}}],"collection":[{"href":"https:\/\/www.colocolofs.es\/web\/wp-json\/wp\/v2\/pages"}],"about":[{"href":"https:\/\/www.colocolofs.es\/web\/wp-json\/wp\/v2\/types\/page"}],"author":[{"embeddable":true,"href":"https:\/\/www.colocolofs.es\/web\/wp-json\/wp\/v2\/users\/1"}],"replies":[{"embeddable":true,"href":"https:\/\/www.colocolofs.es\/web\/wp-json\/wp\/v2\/comments?post=21801"}],"version-history":[{"count":5,"href":"https:\/\/www.colocolofs.es\/web\/wp-json\/wp\/v2\/pages\/21801\/revisions"}],"predecessor-version":[{"id":24865,"href":"https:\/\/www.colocolofs.es\/web\/wp-json\/wp\/v2\/pages\/21801\/revisions\/24865"}],"wp:attachment":[{"href":"https:\/\/www.colocolofs.es\/web\/wp-json\/wp\/v2\/media?parent=21801"}],"curies":[{"name":"wp","href":"https:\/\/api.w.org\/{rel}","templated":true}]}}