{"id":21887,"date":"2024-07-21T11:01:28","date_gmt":"2024-07-21T11:01:28","guid":{"rendered":"http:\/\/www.colocolofs.es\/web\/?page_id=21887"},"modified":"2026-01-01T20:38:43","modified_gmt":"2026-01-01T20:38:43","slug":"alevin-xxi-a","status":"publish","type":"page","link":"https:\/\/www.colocolofs.es\/web\/alevin-xxi-a\/","title":{"rendered":"ALEV\u00cdN XXI &#8216;A&#8217;"},"content":{"rendered":"<p>[vc_row][vc_column][vc_text_separator title=\u00bbPLANTILLA\u00bb color=\u00bbblue\u00bb border_width=\u00bb3&#8243;][\/vc_column][\/vc_row][vc_row][vc_column][vc_column_text]1 &#8211; Rodrigo Berdus\u00e1n Lorente<\/p>\n<p>5 &#8211; Lucas Usan<\/p>\n<p>6 &#8211; Dar\u00edo \u00c1lvarez Pola<\/p>\n<p>8 &#8211; David Tovar<\/p>\n<p>9 &#8211; Nicol\u00e1s Usan<\/p>\n<p>10 &#8211; Jaime Vicu\u00f1a<\/p>\n<p>11 &#8211; Menc\u00eda \u00c1lvarez<\/p>\n<p>14 &#8211; \u00c1lvaro Garc\u00eda Marquina<\/p>\n<p>19 &#8211; Daniel Heredia Zapata<\/p>\n<p>20 &#8211; Diego de la Mata<\/p>\n<p>21 &#8211; Paula Salvador Galve<\/p>\n<p>25 &#8211; Nicolas Fornies<\/p>\n<p>Entrenador: V\u00edctor P\u00e9rez[\/vc_column_text][\/vc_column][\/vc_row]<\/p>\n","protected":false},"excerpt":{"rendered":"<p>[vc_row][vc_column][vc_text_separator title=\u00bbPLANTILLA\u00bb color=\u00bbblue\u00bb border_width=\u00bb3&#8243;][\/vc_column][\/vc_row][vc_row][vc_column][vc_column_text]1 &#8211; Rodrigo Berdus\u00e1n Lorente 5 &#8211; Lucas Usan 6 &#8211; Dar\u00edo \u00c1lvarez Pola 8 &#8211; David Tovar 9 &#8211; Nicol\u00e1s Usan 10 &#8211; Jaime Vicu\u00f1a 11 &#8211; Menc\u00eda \u00c1lvarez 14 &#8211; \u00c1lvaro Garc\u00eda Marquina 19 &#8211; Daniel Heredia Zapata 20 &#8211; Diego de la Mata 21 &#8211; Paula Salvador Galve 25 [&hellip;]<\/p>\n","protected":false},"author":1,"featured_media":0,"parent":0,"menu_order":0,"comment_status":"closed","ping_status":"closed","template":"","meta":{"footnotes":""},"class_list":["post-21887","page","type-page","status-publish","hentry"],"yoast_head":"<!-- This site is optimized with the Yoast SEO plugin v14.4.1 - https:\/\/yoast.com\/wordpress\/plugins\/seo\/ -->\n<title>ALEV\u00cdN XXI &#039;A&#039; - Entrerr\u00edos Automatizaci\u00f3n<\/title>\n<meta name=\"robots\" content=\"index, follow\" \/>\n<meta name=\"googlebot\" content=\"index, follow, max-snippet:-1, max-image-preview:large, max-video-preview:-1\" \/>\n<meta name=\"bingbot\" content=\"index, follow, max-snippet:-1, max-image-preview:large, max-video-preview:-1\" \/>\n<link rel=\"canonical\" href=\"https:\/\/www.colocolofs.es\/web\/alevin-xxi-a\/\" \/>\n<meta property=\"og:locale\" content=\"es_ES\" \/>\n<meta property=\"og:type\" content=\"article\" \/>\n<meta property=\"og:title\" content=\"ALEV\u00cdN XXI &#039;A&#039; - Entrerr\u00edos Automatizaci\u00f3n\" \/>\n<meta property=\"og:description\" content=\"[vc_row][vc_column][vc_text_separator title=\u00bbPLANTILLA\u00bb color=\u00bbblue\u00bb border_width=\u00bb3&#8243;][\/vc_column][\/vc_row][vc_row][vc_column][vc_column_text]1 &#8211; Rodrigo Berdus\u00e1n Lorente 5 &#8211; Lucas Usan 6 &#8211; Dar\u00edo \u00c1lvarez Pola 8 &#8211; David Tovar 9 &#8211; Nicol\u00e1s Usan 10 &#8211; Jaime Vicu\u00f1a 11 &#8211; Menc\u00eda \u00c1lvarez 14 &#8211; \u00c1lvaro Garc\u00eda Marquina 19 &#8211; Daniel Heredia Zapata 20 &#8211; Diego de la Mata 21 &#8211; Paula Salvador Galve 25 [&hellip;]\" \/>\n<meta property=\"og:url\" content=\"https:\/\/www.colocolofs.es\/web\/alevin-xxi-a\/\" \/>\n<meta property=\"og:site_name\" content=\"Entrerr\u00edos Automatizaci\u00f3n\" \/>\n<meta property=\"article:modified_time\" content=\"2026-01-01T20:38:43+00:00\" \/>\n<meta name=\"twitter:card\" content=\"summary_large_image\" \/>\n<script type=\"application\/ld+json\" class=\"yoast-schema-graph\">{\"@context\":\"https:\/\/schema.org\",\"@graph\":[{\"@type\":\"WebSite\",\"@id\":\"https:\/\/www.colocolofs.es\/web\/#website\",\"url\":\"https:\/\/www.colocolofs.es\/web\/\",\"name\":\"Entrerr\\u00edos Automatizaci\\u00f3n\",\"description\":\"Web oficial\",\"potentialAction\":[{\"@type\":\"SearchAction\",\"target\":\"https:\/\/www.colocolofs.es\/web\/?s={search_term_string}\",\"query-input\":\"required name=search_term_string\"}],\"inLanguage\":\"es\"},{\"@type\":\"WebPage\",\"@id\":\"https:\/\/www.colocolofs.es\/web\/alevin-xxi-a\/#webpage\",\"url\":\"https:\/\/www.colocolofs.es\/web\/alevin-xxi-a\/\",\"name\":\"ALEV\\u00cdN XXI 'A' - Entrerr\\u00edos Automatizaci\\u00f3n\",\"isPartOf\":{\"@id\":\"https:\/\/www.colocolofs.es\/web\/#website\"},\"datePublished\":\"2024-07-21T11:01:28+00:00\",\"dateModified\":\"2026-01-01T20:38:43+00:00\",\"inLanguage\":\"es\",\"potentialAction\":[{\"@type\":\"ReadAction\",\"target\":[\"https:\/\/www.colocolofs.es\/web\/alevin-xxi-a\/\"]}]}]}<\/script>\n<!-- \/ Yoast SEO plugin. -->","_links":{"self":[{"href":"https:\/\/www.colocolofs.es\/web\/wp-json\/wp\/v2\/pages\/21887","targetHints":{"allow":["GET"]}}],"collection":[{"href":"https:\/\/www.colocolofs.es\/web\/wp-json\/wp\/v2\/pages"}],"about":[{"href":"https:\/\/www.colocolofs.es\/web\/wp-json\/wp\/v2\/types\/page"}],"author":[{"embeddable":true,"href":"https:\/\/www.colocolofs.es\/web\/wp-json\/wp\/v2\/users\/1"}],"replies":[{"embeddable":true,"href":"https:\/\/www.colocolofs.es\/web\/wp-json\/wp\/v2\/comments?post=21887"}],"version-history":[{"count":5,"href":"https:\/\/www.colocolofs.es\/web\/wp-json\/wp\/v2\/pages\/21887\/revisions"}],"predecessor-version":[{"id":24622,"href":"https:\/\/www.colocolofs.es\/web\/wp-json\/wp\/v2\/pages\/21887\/revisions\/24622"}],"wp:attachment":[{"href":"https:\/\/www.colocolofs.es\/web\/wp-json\/wp\/v2\/media?parent=21887"}],"curies":[{"name":"wp","href":"https:\/\/api.w.org\/{rel}","templated":true}]}}