{"id":24630,"date":"2026-01-01T21:02:01","date_gmt":"2026-01-01T21:02:01","guid":{"rendered":"https:\/\/www.colocolofs.es\/web\/?page_id=24630"},"modified":"2026-01-01T21:06:51","modified_gmt":"2026-01-01T21:06:51","slug":"iniciacion-sta-magdalena","status":"publish","type":"page","link":"https:\/\/www.colocolofs.es\/web\/iniciacion-sta-magdalena\/","title":{"rendered":"INICIACI\u00d3N STA. MAGDALENA SOF\u00cdA"},"content":{"rendered":"<p>[vc_row][vc_column][vc_text_separator title=\u00bbPLANTILLA\u00bb color=\u00bbblue\u00bb border_width=\u00bb3&#8243;][\/vc_column][\/vc_row][vc_row][vc_column][vc_column_text]4 &#8211; Marcos Vera<\/p>\n<p>5 &#8211; Hugo Vela<\/p>\n<p>7 &#8211; Kevin Paun<\/p>\n<p>8 &#8211; Alex Casanova<\/p>\n<p>9 &#8211; Omar Gabriel El Hajji Urbano<\/p>\n<p>10 &#8211; Unai Sanabria<\/p>\n<p>11 &#8211; Oliver Paz<\/p>\n<p>12 &#8211; Enzo Baeza<\/p>\n<p>19 &#8211; Leo Gaspar[\/vc_column_text][\/vc_column][\/vc_row]<\/p>\n","protected":false},"excerpt":{"rendered":"<p>[vc_row][vc_column][vc_text_separator title=\u00bbPLANTILLA\u00bb color=\u00bbblue\u00bb border_width=\u00bb3&#8243;][\/vc_column][\/vc_row][vc_row][vc_column][vc_column_text]4 &#8211; Marcos Vera 5 &#8211; Hugo Vela 7 &#8211; Kevin Paun 8 &#8211; Alex Casanova 9 &#8211; Omar Gabriel El Hajji Urbano 10 &#8211; Unai Sanabria 11 &#8211; Oliver Paz 12 &#8211; Enzo Baeza 19 &#8211; Leo Gaspar[\/vc_column_text][\/vc_column][\/vc_row]<\/p>\n","protected":false},"author":1,"featured_media":0,"parent":0,"menu_order":0,"comment_status":"closed","ping_status":"closed","template":"","meta":{"footnotes":""},"class_list":["post-24630","page","type-page","status-publish","hentry"],"yoast_head":"<!-- This site is optimized with the Yoast SEO plugin v14.4.1 - https:\/\/yoast.com\/wordpress\/plugins\/seo\/ -->\n<title>INICIACI\u00d3N STA. MAGDALENA SOF\u00cdA - Entrerr\u00edos Automatizaci\u00f3n<\/title>\n<meta name=\"robots\" content=\"index, follow\" \/>\n<meta name=\"googlebot\" content=\"index, follow, max-snippet:-1, max-image-preview:large, max-video-preview:-1\" \/>\n<meta name=\"bingbot\" content=\"index, follow, max-snippet:-1, max-image-preview:large, max-video-preview:-1\" \/>\n<link rel=\"canonical\" href=\"https:\/\/www.colocolofs.es\/web\/iniciacion-sta-magdalena\/\" \/>\n<meta property=\"og:locale\" content=\"es_ES\" \/>\n<meta property=\"og:type\" content=\"article\" \/>\n<meta property=\"og:title\" content=\"INICIACI\u00d3N STA. MAGDALENA SOF\u00cdA - Entrerr\u00edos Automatizaci\u00f3n\" \/>\n<meta property=\"og:description\" content=\"[vc_row][vc_column][vc_text_separator title=\u00bbPLANTILLA\u00bb color=\u00bbblue\u00bb border_width=\u00bb3&#8243;][\/vc_column][\/vc_row][vc_row][vc_column][vc_column_text]4 &#8211; Marcos Vera 5 &#8211; Hugo Vela 7 &#8211; Kevin Paun 8 &#8211; Alex Casanova 9 &#8211; Omar Gabriel El Hajji Urbano 10 &#8211; Unai Sanabria 11 &#8211; Oliver Paz 12 &#8211; Enzo Baeza 19 &#8211; Leo Gaspar[\/vc_column_text][\/vc_column][\/vc_row]\" \/>\n<meta property=\"og:url\" content=\"https:\/\/www.colocolofs.es\/web\/iniciacion-sta-magdalena\/\" \/>\n<meta property=\"og:site_name\" content=\"Entrerr\u00edos Automatizaci\u00f3n\" \/>\n<meta property=\"article:modified_time\" content=\"2026-01-01T21:06:51+00:00\" \/>\n<meta name=\"twitter:card\" content=\"summary_large_image\" \/>\n<script type=\"application\/ld+json\" class=\"yoast-schema-graph\">{\"@context\":\"https:\/\/schema.org\",\"@graph\":[{\"@type\":\"WebSite\",\"@id\":\"https:\/\/www.colocolofs.es\/web\/#website\",\"url\":\"https:\/\/www.colocolofs.es\/web\/\",\"name\":\"Entrerr\\u00edos Automatizaci\\u00f3n\",\"description\":\"Web oficial\",\"potentialAction\":[{\"@type\":\"SearchAction\",\"target\":\"https:\/\/www.colocolofs.es\/web\/?s={search_term_string}\",\"query-input\":\"required name=search_term_string\"}],\"inLanguage\":\"es\"},{\"@type\":\"WebPage\",\"@id\":\"https:\/\/www.colocolofs.es\/web\/iniciacion-sta-magdalena\/#webpage\",\"url\":\"https:\/\/www.colocolofs.es\/web\/iniciacion-sta-magdalena\/\",\"name\":\"INICIACI\\u00d3N STA. MAGDALENA SOF\\u00cdA - Entrerr\\u00edos Automatizaci\\u00f3n\",\"isPartOf\":{\"@id\":\"https:\/\/www.colocolofs.es\/web\/#website\"},\"datePublished\":\"2026-01-01T21:02:01+00:00\",\"dateModified\":\"2026-01-01T21:06:51+00:00\",\"inLanguage\":\"es\",\"potentialAction\":[{\"@type\":\"ReadAction\",\"target\":[\"https:\/\/www.colocolofs.es\/web\/iniciacion-sta-magdalena\/\"]}]}]}<\/script>\n<!-- \/ Yoast SEO plugin. -->","_links":{"self":[{"href":"https:\/\/www.colocolofs.es\/web\/wp-json\/wp\/v2\/pages\/24630","targetHints":{"allow":["GET"]}}],"collection":[{"href":"https:\/\/www.colocolofs.es\/web\/wp-json\/wp\/v2\/pages"}],"about":[{"href":"https:\/\/www.colocolofs.es\/web\/wp-json\/wp\/v2\/types\/page"}],"author":[{"embeddable":true,"href":"https:\/\/www.colocolofs.es\/web\/wp-json\/wp\/v2\/users\/1"}],"replies":[{"embeddable":true,"href":"https:\/\/www.colocolofs.es\/web\/wp-json\/wp\/v2\/comments?post=24630"}],"version-history":[{"count":3,"href":"https:\/\/www.colocolofs.es\/web\/wp-json\/wp\/v2\/pages\/24630\/revisions"}],"predecessor-version":[{"id":24637,"href":"https:\/\/www.colocolofs.es\/web\/wp-json\/wp\/v2\/pages\/24630\/revisions\/24637"}],"wp:attachment":[{"href":"https:\/\/www.colocolofs.es\/web\/wp-json\/wp\/v2\/media?parent=24630"}],"curies":[{"name":"wp","href":"https:\/\/api.w.org\/{rel}","templated":true}]}}