{"id":25305,"date":"2026-04-02T08:57:11","date_gmt":"2026-04-02T08:57:11","guid":{"rendered":"https:\/\/www.colocolofs.es\/web\/?page_id=25305"},"modified":"2026-04-02T09:04:48","modified_gmt":"2026-04-02T09:04:48","slug":"escuela","status":"publish","type":"page","link":"https:\/\/www.colocolofs.es\/web\/escuela\/","title":{"rendered":"ESCUELA"},"content":{"rendered":"<p>[vc_row][vc_column][vc_text_separator title=\u00bbPLANTILLA\u00bb color=\u00bbblue\u00bb border_width=\u00bb3&#8243;][\/vc_column][\/vc_row][vc_row][vc_column][vc_column_text]4 &#8211; Violeta Soler<\/p>\n<p>5 &#8211; Luca Cotore<\/p>\n<p>7 &#8211; \u00c1lvaro Ib\u00e1\u00f1ez<\/p>\n<p>7 &#8211; Thiago Barrio<\/p>\n<p>7 &#8211; Jorge Nieto<\/p>\n<p>9 &#8211; Lucas Salvador<\/p>\n<p>10 &#8211; Mario Pardo<\/p>\n<p>10 &#8211; Jaime Blasco<\/p>\n<p>10 &#8211; Bosco Molina<\/p>\n<p>11 &#8211; Mario Pallar\u00e9s<\/p>\n<p>12 &#8211; Unay Loscertales<\/p>\n<p>14 &#8211; Jorge Vicente L\u00f3pez<\/p>\n<p>20 &#8211; Sergio Moreno<\/p>\n<p>20 &#8211; Marcos Ci\u00e9rcoles<\/p>\n<p>30 &#8211; Ginalucca Moreno[\/vc_column_text][\/vc_column][\/vc_row]<\/p>\n","protected":false},"excerpt":{"rendered":"<p>[vc_row][vc_column][vc_text_separator title=\u00bbPLANTILLA\u00bb color=\u00bbblue\u00bb border_width=\u00bb3&#8243;][\/vc_column][\/vc_row][vc_row][vc_column][vc_column_text]4 &#8211; Violeta Soler 5 &#8211; Luca Cotore 7 &#8211; \u00c1lvaro Ib\u00e1\u00f1ez 7 &#8211; Thiago Barrio 7 &#8211; Jorge Nieto 9 &#8211; Lucas Salvador 10 &#8211; Mario Pardo 10 &#8211; Jaime Blasco 10 &#8211; Bosco Molina 11 &#8211; Mario Pallar\u00e9s 12 &#8211; Unay Loscertales 14 &#8211; Jorge Vicente L\u00f3pez 20 &#8211; Sergio [&hellip;]<\/p>\n","protected":false},"author":1,"featured_media":0,"parent":0,"menu_order":0,"comment_status":"closed","ping_status":"closed","template":"","meta":{"footnotes":""},"class_list":["post-25305","page","type-page","status-publish","hentry"],"yoast_head":"<!-- This site is optimized with the Yoast SEO plugin v14.4.1 - https:\/\/yoast.com\/wordpress\/plugins\/seo\/ -->\n<title>ESCUELA - Entrerr\u00edos Automatizaci\u00f3n<\/title>\n<meta name=\"robots\" content=\"index, follow\" \/>\n<meta name=\"googlebot\" content=\"index, follow, max-snippet:-1, max-image-preview:large, max-video-preview:-1\" \/>\n<meta name=\"bingbot\" content=\"index, follow, max-snippet:-1, max-image-preview:large, max-video-preview:-1\" \/>\n<link rel=\"canonical\" href=\"https:\/\/www.colocolofs.es\/web\/escuela\/\" \/>\n<meta property=\"og:locale\" content=\"es_ES\" \/>\n<meta property=\"og:type\" content=\"article\" \/>\n<meta property=\"og:title\" content=\"ESCUELA - Entrerr\u00edos Automatizaci\u00f3n\" \/>\n<meta property=\"og:description\" content=\"[vc_row][vc_column][vc_text_separator title=\u00bbPLANTILLA\u00bb color=\u00bbblue\u00bb border_width=\u00bb3&#8243;][\/vc_column][\/vc_row][vc_row][vc_column][vc_column_text]4 &#8211; Violeta Soler 5 &#8211; Luca Cotore 7 &#8211; \u00c1lvaro Ib\u00e1\u00f1ez 7 &#8211; Thiago Barrio 7 &#8211; Jorge Nieto 9 &#8211; Lucas Salvador 10 &#8211; Mario Pardo 10 &#8211; Jaime Blasco 10 &#8211; Bosco Molina 11 &#8211; Mario Pallar\u00e9s 12 &#8211; Unay Loscertales 14 &#8211; Jorge Vicente L\u00f3pez 20 &#8211; Sergio [&hellip;]\" \/>\n<meta property=\"og:url\" content=\"https:\/\/www.colocolofs.es\/web\/escuela\/\" \/>\n<meta property=\"og:site_name\" content=\"Entrerr\u00edos Automatizaci\u00f3n\" \/>\n<meta property=\"article:modified_time\" content=\"2026-04-02T09:04:48+00:00\" \/>\n<meta name=\"twitter:card\" content=\"summary_large_image\" \/>\n<script type=\"application\/ld+json\" class=\"yoast-schema-graph\">{\"@context\":\"https:\/\/schema.org\",\"@graph\":[{\"@type\":\"WebSite\",\"@id\":\"https:\/\/www.colocolofs.es\/web\/#website\",\"url\":\"https:\/\/www.colocolofs.es\/web\/\",\"name\":\"Entrerr\\u00edos Automatizaci\\u00f3n\",\"description\":\"Web oficial\",\"potentialAction\":[{\"@type\":\"SearchAction\",\"target\":\"https:\/\/www.colocolofs.es\/web\/?s={search_term_string}\",\"query-input\":\"required name=search_term_string\"}],\"inLanguage\":\"es\"},{\"@type\":\"WebPage\",\"@id\":\"https:\/\/www.colocolofs.es\/web\/escuela\/#webpage\",\"url\":\"https:\/\/www.colocolofs.es\/web\/escuela\/\",\"name\":\"ESCUELA - Entrerr\\u00edos Automatizaci\\u00f3n\",\"isPartOf\":{\"@id\":\"https:\/\/www.colocolofs.es\/web\/#website\"},\"datePublished\":\"2026-04-02T08:57:11+00:00\",\"dateModified\":\"2026-04-02T09:04:48+00:00\",\"inLanguage\":\"es\",\"potentialAction\":[{\"@type\":\"ReadAction\",\"target\":[\"https:\/\/www.colocolofs.es\/web\/escuela\/\"]}]}]}<\/script>\n<!-- \/ Yoast SEO plugin. -->","_links":{"self":[{"href":"https:\/\/www.colocolofs.es\/web\/wp-json\/wp\/v2\/pages\/25305","targetHints":{"allow":["GET"]}}],"collection":[{"href":"https:\/\/www.colocolofs.es\/web\/wp-json\/wp\/v2\/pages"}],"about":[{"href":"https:\/\/www.colocolofs.es\/web\/wp-json\/wp\/v2\/types\/page"}],"author":[{"embeddable":true,"href":"https:\/\/www.colocolofs.es\/web\/wp-json\/wp\/v2\/users\/1"}],"replies":[{"embeddable":true,"href":"https:\/\/www.colocolofs.es\/web\/wp-json\/wp\/v2\/comments?post=25305"}],"version-history":[{"count":2,"href":"https:\/\/www.colocolofs.es\/web\/wp-json\/wp\/v2\/pages\/25305\/revisions"}],"predecessor-version":[{"id":25308,"href":"https:\/\/www.colocolofs.es\/web\/wp-json\/wp\/v2\/pages\/25305\/revisions\/25308"}],"wp:attachment":[{"href":"https:\/\/www.colocolofs.es\/web\/wp-json\/wp\/v2\/media?parent=25305"}],"curies":[{"name":"wp","href":"https:\/\/api.w.org\/{rel}","templated":true}]}}